{"id":2035,"date":"2020-05-20T16:13:52","date_gmt":"2020-05-20T15:13:52","guid":{"rendered":"https:\/\/maryasa.com\/contactos\/"},"modified":"2022-07-02T17:00:56","modified_gmt":"2022-07-02T16:00:56","slug":"contacts","status":"publish","type":"page","link":"https:\/\/maryasa.com\/en\/contacts\/","title":{"rendered":"Contacts"},"content":{"rendered":"\t\t<div data-elementor-type=\"wp-page\" data-elementor-id=\"2035\" class=\"elementor elementor-2035\">\n\t\t\t\t\t\t\t\t\t<section class=\"elementor-section elementor-top-section elementor-element elementor-element-a837657 elementor-section-full_width mb-section elementor-section-height-default elementor-section-height-default\" data-id=\"a837657\" data-element_type=\"section\">\n\t\t\t\t\t\t<div class=\"elementor-container elementor-column-gap-no\">\n\t\t\t\t\t<div class=\"elementor-column elementor-col-100 elementor-top-column elementor-element elementor-element-aa24d58\" data-id=\"aa24d58\" data-element_type=\"column\">\n\t\t\t<div class=\"elementor-widget-wrap elementor-element-populated\">\n\t\t\t\t\t\t\t\t<div class=\"elementor-element elementor-element-fde9360 elementor-widget elementor-widget-text-editor\" data-id=\"fde9360\" data-element_type=\"widget\" data-widget_type=\"text-editor.default\">\n\t\t\t\t<div class=\"elementor-widget-container\">\n\t\t\t<style>\/*! elementor - v3.6.5 - 27-04-2022 *\/\n.elementor-widget-text-editor.elementor-drop-cap-view-stacked .elementor-drop-cap{background-color:#818a91;color:#fff}.elementor-widget-text-editor.elementor-drop-cap-view-framed .elementor-drop-cap{color:#818a91;border:3px solid;background-color:transparent}.elementor-widget-text-editor:not(.elementor-drop-cap-view-default) .elementor-drop-cap{margin-top:8px}.elementor-widget-text-editor:not(.elementor-drop-cap-view-default) .elementor-drop-cap-letter{width:1em;height:1em}.elementor-widget-text-editor .elementor-drop-cap{float:left;text-align:center;line-height:1;font-size:50px}.elementor-widget-text-editor .elementor-drop-cap-letter{display:inline-block}<\/style>\t\t\t\t<iframe src=\"https:\/\/www.google.com\/maps\/embed?pb=!1m14!1m8!1m3!1d12059.184513757982!2d-8.4945014!3d40.9202158!3m2!1i1024!2i768!4f13.1!3m3!1m2!1s0x0%3A0xd45a82a6238ad984!2sMaryasa!5e0!3m2!1sen!2spt!4v1653602468149!5m2!1sen!2spt\" width=\"600\" height=\"450\" style=\"border:0;\" allowfullscreen=\"\" loading=\"lazy\" referrerpolicy=\"no-referrer-when-downgrade\"><\/iframe>\t\t\t\t\t\t<\/div>\n\t\t\t\t<\/div>\n\t\t\t\t\t<\/div>\n\t\t<\/div>\n\t\t\t\t\t\t\t<\/div>\n\t\t<\/section>\n\t\t\t\t<section class=\"elementor-section elementor-top-section elementor-element elementor-element-70ad91a elementor-section-full_width section-margin elementor-section-height-default elementor-section-height-default\" data-id=\"70ad91a\" data-element_type=\"section\">\n\t\t\t\t\t\t<div class=\"elementor-container elementor-column-gap-no\">\n\t\t\t\t\t<div class=\"elementor-column elementor-col-100 elementor-top-column elementor-element elementor-element-97dbed3\" data-id=\"97dbed3\" data-element_type=\"column\">\n\t\t\t<div class=\"elementor-widget-wrap elementor-element-populated\">\n\t\t\t\t\t\t\t\t<div class=\"elementor-element elementor-element-f839611 elementor-widget elementor-widget-dsn-contact\" data-id=\"f839611\" data-element_type=\"widget\" data-widget_type=\"dsn-contact.default\">\n\t\t\t\t<div class=\"elementor-widget-container\">\n\t\t\t\n\n<div class=\"root-contact  \" >\n\n\n    <div class=\"container\">\n        <div class=\"row\">\n            <div class=\"col-lg-6\">\n                <div class=\"box-info-contact\">\n                    <h3 data-dsn-animate=up>Come meet us!<\/h3><h5 data-dsn-animate=up>Visit Maryasa, we will be happy to welcome you.<\/h5><p data-dsn-animate=up>Contact us by the means available on this page or come to us, through the location available here.<\/p>\n                    <ul>\n                        <li><span data-dsn-animate=\"up\">Phone<\/span><a href=\"tel:(+351) 256 386 920\" target=\"_blank\" rel=\"nofollow\" data-dsn-animate=\"up\">(+351) 256 386 920<\/a><\/li>\n\n                        <li><span data-dsn-animate=\"up\">E-mail<\/span><a href=\"mailto:&#103;%65&#114;&#97;l&#64;%6da%72%79%61s&#97;%2e&#99;%6f%6d\" target=\"_blank\" rel=\"nofollow\" data-dsn-animate=\"up\">g&#101;ral&#64;&#109;a&#114;y&#97;sa&#46;&#99;&#111;&#109;<\/a><\/li>\n\n                        <li><span data-dsn-animate=\"up\">Address<\/span><p data-dsn-animate=\"up\">MARYASA - Importa\u00e7\u00e3o e Exporta\u00e7\u00e3o, Unip. Lda\nRua 1\u00ba de Maio, n\u00ba 409, fra\u00e7\u00f5es A e B<br>\n3700-541 Arrifana VFR, Portugal<\/p><\/li>\n                    <\/ul>\n                <\/div>\n            <\/div>\n\n            <div class=\"col-lg-6\">\n                <div class=\"form-box\">\n                    <h3 data-dsn-animate=\"text\">Send us a message<\/h3><div role=\"form\" class=\"wpcf7\" id=\"wpcf7-f2043-o1\" lang=\"en-US\" dir=\"ltr\">\n<div class=\"screen-reader-response\"><p role=\"status\" aria-live=\"polite\" aria-atomic=\"true\"><\/p> <ul><\/ul><\/div>\n<form action=\"\/en\/wp-json\/wp\/v2\/pages\/2035#wpcf7-f2043-o1\" method=\"post\" class=\"wpcf7-form init\" novalidate=\"novalidate\" data-status=\"init\">\n<div style=\"display: none;\">\n<input type=\"hidden\" name=\"_wpcf7\" value=\"2043\" \/>\n<input type=\"hidden\" name=\"_wpcf7_version\" value=\"5.5.6.1\" \/>\n<input type=\"hidden\" name=\"_wpcf7_locale\" value=\"en_US\" \/>\n<input type=\"hidden\" name=\"_wpcf7_unit_tag\" value=\"wpcf7-f2043-o1\" \/>\n<input type=\"hidden\" name=\"_wpcf7_container_post\" value=\"0\" \/>\n<input type=\"hidden\" name=\"_wpcf7_posted_data_hash\" value=\"\" \/>\n<input type=\"hidden\" name=\"_wpcf7_recaptcha_response\" value=\"\" \/>\n<\/div>\n<div class=\"input__wrap controls\">\n    <div class=\"form-group\">\n      <div class=\"entry-form\">\n        <label>Nome*<\/label><span class=\"wpcf7-form-control-wrap your-name\"><input type=\"text\" name=\"your-name\" value=\"\" size=\"40\" class=\"wpcf7-form-control wpcf7-text wpcf7-validates-as-required\" aria-required=\"true\" aria-invalid=\"false\" placeholder=\"Your name\" \/><\/span>\n      <\/div>\n    <\/div>\n\n    <div class=\"form-group\">\n      <div class=\"entry-form\">\n        <label>Email*<\/label><span class=\"wpcf7-form-control-wrap your-email\"><input type=\"email\" name=\"your-email\" value=\"\" size=\"40\" class=\"wpcf7-form-control wpcf7-text wpcf7-email wpcf7-validates-as-required wpcf7-validates-as-email\" aria-required=\"true\" aria-invalid=\"false\" placeholder=\"Your Email\" \/><\/span>\n      <\/div>\n    <\/div>\n\n    <div class=\"form-group\">\n      <div class=\"entry-form\">\n        <label>Telefone*<\/label><span class=\"wpcf7-form-control-wrap your-phone\"><input type=\"tel\" name=\"your-phone\" value=\"\" size=\"40\" class=\"wpcf7-form-control wpcf7-text wpcf7-tel wpcf7-validates-as-required wpcf7-validates-as-tel\" aria-required=\"true\" aria-invalid=\"false\" placeholder=\"Your Phone\" \/><\/span>\n      <\/div>\n    <\/div>\n\n    <div class=\"form-group\">\n      <div class=\"entry-form\">\n        <label>Mensagem<\/label><span class=\"wpcf7-form-control-wrap your-message\"><textarea name=\"your-message\" cols=\"40\" rows=\"4\" class=\"wpcf7-form-control wpcf7-textarea\" aria-invalid=\"false\" placeholder=\"Write here your message\"><\/textarea><\/span>\n      <\/div>\n    <\/div>\n\n    <div class=\"form-acceptance\">\n      <label><span class=\"wpcf7-form-control-wrap acceptance-159\"><span class=\"wpcf7-form-control wpcf7-acceptance\"><span class=\"wpcf7-list-item\"><label><input type=\"checkbox\" name=\"acceptance-159\" value=\"1\" aria-invalid=\"false\" \/><span class=\"wpcf7-list-item-label\"><span style=\"color: rgba(255, 255, 255, 0.69);line-height: 21px;font-size: 12px;\">I have read and accept Maryasa's <a href=\"\/en\/privacy-policy\/\" target=\"_blank\">Privacy Policy<\/a> and Personal Data Protection. I also agree to be contacted within the scope of the matter described above *<\/span><\/span><\/label><\/span><\/span><\/span><\/label>\n   <\/div>\n\n    <div class=\"image-zoom\" data-dsn=\"parallax\">\n      <input type=\"submit\" value=\"Send\" class=\"wpcf7-form-control has-spinner wpcf7-submit\" \/>\n    <\/div>\n  <\/div><div class=\"wpcf7-response-output\" aria-hidden=\"true\"><\/div><\/form><\/div>\n                <\/div>\n            <\/div>\n        <\/div>\n    <\/div>\n<\/div>\n\t\t<\/div>\n\t\t\t\t<\/div>\n\t\t\t\t\t<\/div>\n\t\t<\/div>\n\t\t\t\t\t\t\t<\/div>\n\t\t<\/section>\n\t\t\t\t\t\t\t<\/div>\n\t\t","protected":false},"excerpt":{"rendered":"<p>Come meet us! Visit Maryasa, we will be happy to welcome you. Contact us by the means available on this page or come to us, through the location available here. Phone(+351) 256 386 920 E-mailgeral@maryasa.com Address MARYASA &#8211; Importa\u00e7\u00e3o e Exporta\u00e7\u00e3o, Unip. Lda Rua 1\u00ba de Maio, n\u00ba 409, fra\u00e7\u00f5es A e B 3700-541 Arrifana [&hellip;]<\/p>\n","protected":false},"author":1,"featured_media":0,"parent":0,"menu_order":0,"comment_status":"closed","ping_status":"closed","template":"","meta":{"_mi_skip_tracking":false,"footnotes":""},"class_list":["post-2035","page","type-page","status-publish","hentry","dsn-layout-normal"],"acf":[],"_links":{"self":[{"href":"https:\/\/maryasa.com\/en\/wp-json\/wp\/v2\/pages\/2035","targetHints":{"allow":["GET"]}}],"collection":[{"href":"https:\/\/maryasa.com\/en\/wp-json\/wp\/v2\/pages"}],"about":[{"href":"https:\/\/maryasa.com\/en\/wp-json\/wp\/v2\/types\/page"}],"author":[{"embeddable":true,"href":"https:\/\/maryasa.com\/en\/wp-json\/wp\/v2\/users\/1"}],"replies":[{"embeddable":true,"href":"https:\/\/maryasa.com\/en\/wp-json\/wp\/v2\/comments?post=2035"}],"version-history":[{"count":14,"href":"https:\/\/maryasa.com\/en\/wp-json\/wp\/v2\/pages\/2035\/revisions"}],"predecessor-version":[{"id":2051,"href":"https:\/\/maryasa.com\/en\/wp-json\/wp\/v2\/pages\/2035\/revisions\/2051"}],"wp:attachment":[{"href":"https:\/\/maryasa.com\/en\/wp-json\/wp\/v2\/media?parent=2035"}],"curies":[{"name":"wp","href":"https:\/\/api.w.org\/{rel}","templated":true}]}}