{"id":1975,"date":"2020-05-19T15:56:07","date_gmt":"2020-05-19T14:56:07","guid":{"rendered":"https:\/\/maryasa.com\/?page_id=1975"},"modified":"2023-06-09T19:31:28","modified_gmt":"2023-06-09T18:31:28","slug":"homepage","status":"publish","type":"page","link":"https:\/\/maryasa.com\/en\/","title":{"rendered":"Homepage"},"content":{"rendered":"\t\t<div data-elementor-type=\"wp-page\" data-elementor-id=\"1975\" class=\"elementor elementor-1975\">\n\t\t\t\t\t\t\t\t\t<section class=\"elementor-section elementor-top-section elementor-element elementor-element-5ee8409 section-margin elementor-section-stretched elementor-section-boxed elementor-section-height-default elementor-section-height-default\" data-id=\"5ee8409\" data-element_type=\"section\" data-settings=\"{&quot;stretch_section&quot;:&quot;section-stretched&quot;}\">\n\t\t\t\t\t\t<div class=\"elementor-container elementor-column-gap-no\">\n\t\t\t\t\t<div class=\"elementor-column elementor-col-100 elementor-top-column elementor-element elementor-element-555c17c\" data-id=\"555c17c\" data-element_type=\"column\">\n\t\t\t<div class=\"elementor-widget-wrap elementor-element-populated\">\n\t\t\t\t\t\t\t\t<div class=\"elementor-element elementor-element-83de33b elementor-widget elementor-widget-dsn-featured-posts\" data-id=\"83de33b\" data-element_type=\"widget\" data-widget_type=\"dsn-featured-posts.default\">\n\t\t\t\t<div class=\"elementor-widget-container\">\n\t\t\t\n    <section\n            class=\"our-work dsn-arrow work-under-header  \"             data-dsn-col=\"3\">\n        <div class=\"container-fluid\">\n            <div class=\"one-title\"><div class=\"title-sub-container\"><p class=\"title-sub\" data-dsn-animate=up>Official representation<\/p><\/div><h2 class=\"title-main\" data-dsn-animate=up>Projects by Maryasa<\/h2><\/div>        <\/div>\n        <div class=\"container-fluid\">\n            <div class=\"row\">\n                <div class=\"col-lg-9 offset-lg-3\">\n                    <div class=\"work-container\">\n                        <div class=\"slick-slider\">\n\n                                                                <div class=\"work-item slick-slide\">\n\n                                        <img decoding=\"async\" width=\"768\" height=\"678\" src=\"https:\/\/maryasa.com\/wp-content\/uploads\/akipklast-2-by-maryasa-768x678.jpg\" class=\"attachment-medium_large size-medium_large\" alt=\"\" srcset=\"https:\/\/maryasa.com\/wp-content\/uploads\/akipklast-2-by-maryasa-768x678.jpg 768w, https:\/\/maryasa.com\/wp-content\/uploads\/akipklast-2-by-maryasa-300x265.jpg 300w, https:\/\/maryasa.com\/wp-content\/uploads\/akipklast-2-by-maryasa-1024x904.jpg 1024w, https:\/\/maryasa.com\/wp-content\/uploads\/akipklast-2-by-maryasa-1536x1356.jpg 1536w, https:\/\/maryasa.com\/wp-content\/uploads\/akipklast-2-by-maryasa-2048x1808.jpg 2048w, https:\/\/maryasa.com\/wp-content\/uploads\/akipklast-2-by-maryasa-1240x1095.jpg 1240w, https:\/\/maryasa.com\/wp-content\/uploads\/akipklast-2-by-maryasa-880x777.jpg 880w\" sizes=\"(max-width: 768px) 100vw, 768px\" \/>                                        <div class=\"item-border\"><\/div>\n                                        <div class=\"item-info\">\n                                            <a class=\"effect-ajax\" href=\"https:\/\/maryasa.com\/en\/servicos\/akiplast-eco-polycarbonate-tableware\/\"\n                                               data-dsn-grid=\"move-up\"\n                                               rel=\"bookmark\" title=\"AKIPLAST&lt;br&gt;Polycarbonate Tableware \">\n                                                <h4>AKIPLAST<br>Polycarbonate Tableware <\/h4><span><span>View Project<\/span><\/span>                                            <\/a>\n\n\n                                        <\/div>\n\n                                    <\/div>\n                                                                    <div class=\"work-item slick-slide\">\n\n                                        <img decoding=\"async\" width=\"768\" height=\"803\" src=\"https:\/\/maryasa.com\/wp-content\/uploads\/bicicleta-ecologica-muzzicycles-maryasa-europa-portugal-muzzi-sustentavel-9-768x803.jpg\" class=\"attachment-medium_large size-medium_large\" alt=\"\" srcset=\"https:\/\/maryasa.com\/wp-content\/uploads\/bicicleta-ecologica-muzzicycles-maryasa-europa-portugal-muzzi-sustentavel-9-768x803.jpg 768w, https:\/\/maryasa.com\/wp-content\/uploads\/bicicleta-ecologica-muzzicycles-maryasa-europa-portugal-muzzi-sustentavel-9-287x300.jpg 287w, https:\/\/maryasa.com\/wp-content\/uploads\/bicicleta-ecologica-muzzicycles-maryasa-europa-portugal-muzzi-sustentavel-9-979x1024.jpg 979w, https:\/\/maryasa.com\/wp-content\/uploads\/bicicleta-ecologica-muzzicycles-maryasa-europa-portugal-muzzi-sustentavel-9-1469x1536.jpg 1469w, https:\/\/maryasa.com\/wp-content\/uploads\/bicicleta-ecologica-muzzicycles-maryasa-europa-portugal-muzzi-sustentavel-9-1240x1297.jpg 1240w, https:\/\/maryasa.com\/wp-content\/uploads\/bicicleta-ecologica-muzzicycles-maryasa-europa-portugal-muzzi-sustentavel-9-880x920.jpg 880w, https:\/\/maryasa.com\/wp-content\/uploads\/bicicleta-ecologica-muzzicycles-maryasa-europa-portugal-muzzi-sustentavel-9-300x314.jpg 300w, https:\/\/maryasa.com\/wp-content\/uploads\/bicicleta-ecologica-muzzicycles-maryasa-europa-portugal-muzzi-sustentavel-9.jpg 1524w\" sizes=\"(max-width: 768px) 100vw, 768px\" \/>                                        <div class=\"item-border\"><\/div>\n                                        <div class=\"item-info\">\n                                            <a class=\"effect-ajax\" href=\"https:\/\/maryasa.com\/en\/servicos\/muzzi-cycles-eco-bike\/\"\n                                               data-dsn-grid=\"move-up\"\n                                               rel=\"bookmark\" title=\"Muzzi Cycles&lt;br&gt;Eco Bike\">\n                                                <h4>Muzzi Cycles<br>Eco Bike<\/h4><span><span>View Project<\/span><\/span>                                            <\/a>\n\n\n                                        <\/div>\n\n                                    <\/div>\n                                                                    <div class=\"work-item slick-slide\">\n\n                                        <img decoding=\"async\" width=\"768\" height=\"512\" src=\"https:\/\/maryasa.com\/wp-content\/uploads\/1-montagem-maryasa-industria-768x512.jpg\" class=\"attachment-medium_large size-medium_large\" alt=\"\" srcset=\"https:\/\/maryasa.com\/wp-content\/uploads\/1-montagem-maryasa-industria-768x512.jpg 768w, https:\/\/maryasa.com\/wp-content\/uploads\/1-montagem-maryasa-industria-300x200.jpg 300w, https:\/\/maryasa.com\/wp-content\/uploads\/1-montagem-maryasa-industria-1024x683.jpg 1024w, https:\/\/maryasa.com\/wp-content\/uploads\/1-montagem-maryasa-industria-1240x827.jpg 1240w, https:\/\/maryasa.com\/wp-content\/uploads\/1-montagem-maryasa-industria-880x587.jpg 880w, https:\/\/maryasa.com\/wp-content\/uploads\/1-montagem-maryasa-industria.jpg 1350w\" sizes=\"(max-width: 768px) 100vw, 768px\" \/>                                        <div class=\"item-border\"><\/div>\n                                        <div class=\"item-info\">\n                                            <a class=\"effect-ajax\" href=\"https:\/\/maryasa.com\/en\/servicos\/services\/\"\n                                               data-dsn-grid=\"move-up\"\n                                               rel=\"bookmark\" title=\"Services&lt;br&gt;Competitive Prices\">\n                                                <h5 class=\"cat\">Services, Services<\/h5><h4>Services<br>Competitive Prices<\/h4><span><span>View Project<\/span><\/span>                                            <\/a>\n\n\n                                        <\/div>\n\n                                    <\/div>\n                                \n                        <\/div>\n\n                    <\/div>\n                <\/div>\n            <\/div>\n        <\/div>\n    <\/section>\n\n\t\t<\/div>\n\t\t\t\t<\/div>\n\t\t\t\t\t<\/div>\n\t\t<\/div>\n\t\t\t\t\t\t\t<\/div>\n\t\t<\/section>\n\t\t\t\t<section class=\"elementor-section elementor-top-section elementor-element elementor-element-b21b9a1 section-margin elementor-section-boxed elementor-section-height-default elementor-section-height-default\" data-id=\"b21b9a1\" data-element_type=\"section\">\n\t\t\t\t\t\t<div class=\"elementor-container elementor-column-gap-no\">\n\t\t\t\t\t<div class=\"elementor-column elementor-col-100 elementor-top-column elementor-element elementor-element-999733d\" data-id=\"999733d\" data-element_type=\"column\">\n\t\t\t<div class=\"elementor-widget-wrap elementor-element-populated\">\n\t\t\t\t\t\t\t\t<div class=\"elementor-element elementor-element-ec614aa m-section elementor-widget elementor-widget-dsn-experience\" data-id=\"ec614aa\" data-element_type=\"widget\" data-widget_type=\"dsn-experience.default\">\n\t\t\t\t<div class=\"elementor-widget-container\">\n\t\t\t<section\n        class=\"intro-about  \" >\n    <div class=\"container-fluid\">\n\n        <div class=\"row\">\n            <div class=\"col-lg-6\">\n                <div class=\"intro-content-text\">\n                    \n                        <h2 data-dsn-grid=\"move-section\" data-dsn-move=\"-30\" data-dsn-duration=\"100%\"\n                            data-dsn-opacity=\"1.2\" data-dsn-responsive=\"tablet\">\n                            Introduction, <br\/> Maryasa                        <\/h2>\n                    <div class=\"span-small\" data-dsn-animate=up><p><b>Founded in 2012<\/b>, Maryasa is a company that has a qualified and familiarized team with the most diverse types of materials, equipment and processes, guaranteeing the offer of a <b>quality service <\/b>in all sectors of activity in which we operate.<br><br><a href=\"\/en\/about-us\/\" class=\"links-personalizados\">+ About Us >><\/a><br><\/p><\/div>\n                    <div class=\"exper\">\n\n                                                    <div class=\"numb-ex\">\n                                <span class=\"word\" data-dsn-animate=\"up\">10<\/span>                            <\/div>\n                                                <h4 data-dsn-animate=\"up\">YEARS<br>OF EXPERIENCE<\/h4>                    <\/div>\n\n                <\/div>\n            <\/div>\n        <\/div>\n    <\/div>\n    <div class=\"background-mask\">\n        <div class=\"img-box h-100\">\n            <div class=\"img-cent h-100\" data-dsn-grid=\"move-up\">\n                <div class=\"img-container h-100\">\n                    <img decoding=\"async\" width=\"880\" height=\"495\" src=\"https:\/\/maryasa.com\/wp-content\/uploads\/foto-exterior-maryasa-industria-880x495.jpg\" class=\"attachment-droow-media-img size-droow-media-img\" alt=\"\" data-dsn-y=\"30%\" srcset=\"https:\/\/maryasa.com\/wp-content\/uploads\/foto-exterior-maryasa-industria-880x495.jpg 880w, https:\/\/maryasa.com\/wp-content\/uploads\/foto-exterior-maryasa-industria-300x169.jpg 300w, https:\/\/maryasa.com\/wp-content\/uploads\/foto-exterior-maryasa-industria-768x432.jpg 768w, https:\/\/maryasa.com\/wp-content\/uploads\/foto-exterior-maryasa-industria.jpg 1000w\" sizes=\"(max-width: 880px) 100vw, 880px\" \/>                <\/div>\n            <\/div>\n        <\/div>\n    <\/div>\n<\/section>\n\n\t\t<\/div>\n\t\t\t\t<\/div>\n\t\t\t\t\t<\/div>\n\t\t<\/div>\n\t\t\t\t\t\t\t<\/div>\n\t\t<\/section>\n\t\t\t\t<section class=\"elementor-section elementor-top-section elementor-element elementor-element-15c7a7a elementor-section-boxed elementor-section-height-default elementor-section-height-default\" data-id=\"15c7a7a\" data-element_type=\"section\">\n\t\t\t\t\t\t<div class=\"elementor-container elementor-column-gap-default\">\n\t\t\t\t\t<div class=\"elementor-column elementor-col-100 elementor-top-column elementor-element elementor-element-626ee73\" data-id=\"626ee73\" data-element_type=\"column\">\n\t\t\t<div class=\"elementor-widget-wrap elementor-element-populated\">\n\t\t\t\t\t\t\t\t<div class=\"elementor-element elementor-element-787299e elementor-widget elementor-widget-dsn-service\" data-id=\"787299e\" data-element_type=\"widget\" data-widget_type=\"dsn-service.default\">\n\t\t\t\t<div class=\"elementor-widget-container\">\n\t\t\t    <section\n            class=\"our-services-2  \" >\n        <div class=\"container-fluid\">\n            <div class=\"one-title\"><div class=\"title-sub-container\"><p class=\"title-sub\" >WE GUARANTEE TO OFFER QUALITY, INNOVATIVE AND EFFECTIVE SERVICES TO OUR CUSTOMERS<\/p><\/div><h2 class=\"title-main\" >Our Services<\/h2><\/div>\n\n            <div class=\"row\">\n                                        <div class=\"col-md-4\">\n                            <div class=\"services-item\">\n                                <div class=\"corner corner-top\"><\/div>\n                                <div class=\"corner corner-bottom\"><\/div>\n                                <div class=\"icon\" ><\/div><div class=\"services-header\"><h3 data-dsn-animate=\"text\">MOLDS<\/h3><\/div><div data-dsn-animate=\"up\"><p>The client conveys his need and we will handle the entire process, from the design of the mold to obtaining the final product. <br><br><a href=\"\/en\/servicos\/\" class=\"links-personalizados\">Services >><\/a><br><\/p><\/div>\n                            <\/div>\n                        <\/div>\n                                            <div class=\"col-md-4\">\n                            <div class=\"services-item\">\n                                <div class=\"corner corner-top\"><\/div>\n                                <div class=\"corner corner-bottom\"><\/div>\n                                <div class=\"icon\" ><\/div><div class=\"services-header\"><h3 data-dsn-animate=\"text\">TESTS<\/h3><\/div><div data-dsn-animate=\"up\"><p>We have an experienced team that will provide an efficient mold testing\/testing service.\n<br><br><a href=\"\/en\/servicos\/\" class=\"links-personalizados\">Services >><\/a><br><\/p><\/div>\n                            <\/div>\n                        <\/div>\n                                            <div class=\"col-md-4\">\n                            <div class=\"services-item\">\n                                <div class=\"corner corner-top\"><\/div>\n                                <div class=\"corner corner-bottom\"><\/div>\n                                <div class=\"icon\" ><\/div><div class=\"services-header\"><h3 data-dsn-animate=\"text\">INJECTION<\/h3><\/div><div data-dsn-animate=\"up\"><p>We have injection machines equipped with robots, allowing the automation and industrialization of the manufacturing process of any plastic part. <br><br><a href=\"\/en\/servicos\/\" class=\"links-personalizados\">Services >><\/a><br><\/p><\/div>\n                            <\/div>\n                        <\/div>\n                                            <div class=\"col-md-4\">\n                            <div class=\"services-item\">\n                                <div class=\"corner corner-top\"><\/div>\n                                <div class=\"corner corner-bottom\"><\/div>\n                                <div class=\"icon\" ><\/div><div class=\"services-header\"><h3 data-dsn-animate=\"text\">ASSEMBLY AND PRE-ASSEMBLY<\/h3><\/div><div data-dsn-animate=\"up\"><p>We carry out all types of assembly associated with injected parts. We have adaptable assembly lines including ultrasonic welding assemblies.<br><br><a href=\"\/en\/servicos\/\" class=\"links-personalizados\">Services >><\/a><br><\/p><\/div>\n                            <\/div>\n                        <\/div>\n                                            <div class=\"col-md-4\">\n                            <div class=\"services-item\">\n                                <div class=\"corner corner-top\"><\/div>\n                                <div class=\"corner corner-bottom\"><\/div>\n                                <div class=\"icon\" ><\/div><div class=\"services-header\"><h3 data-dsn-animate=\"text\">PAINTING<\/h3><\/div><div data-dsn-animate=\"up\"><p>We carry out paint finishes on plastic surfaces, we have a modern painting installation in a watertight cabin.<br><br><a href=\"\/en\/servicos\/\" class=\"links-personalizados\">Services >><\/a><br><\/p><\/div>\n                            <\/div>\n                        <\/div>\n                                            <div class=\"col-md-4\">\n                            <div class=\"services-item\">\n                                <div class=\"corner corner-top\"><\/div>\n                                <div class=\"corner corner-bottom\"><\/div>\n                                <div class=\"icon\" ><\/div><div class=\"services-header\"><h3 data-dsn-animate=\"text\">+ SERVICES<\/h3><\/div><div data-dsn-animate=\"up\"><p>Maryasa is a plastics processing company. We develop, produce and assemble plastic components for the industrial sector, offering quality services at very competitive prices. <br><br><a href=\"\/en\/servicos\/\" class=\"links-personalizados\">Services >><\/a><br><\/p><\/div>\n                            <\/div>\n                        <\/div>\n                                <\/div>\n        <\/div>\n    <\/section>\n\t\t<\/div>\n\t\t\t\t<\/div>\n\t\t\t\t\t<\/div>\n\t\t<\/div>\n\t\t\t\t\t\t\t<\/div>\n\t\t<\/section>\n\t\t\t\t<section class=\"elementor-section elementor-top-section elementor-element elementor-element-409ef02 elementor-section-full_width section-margin elementor-section-height-default elementor-section-height-default\" data-id=\"409ef02\" data-element_type=\"section\">\n\t\t\t\t\t\t<div class=\"elementor-container elementor-column-gap-no\">\n\t\t\t\t\t<div class=\"elementor-column elementor-col-100 elementor-top-column elementor-element elementor-element-aa0cf0e\" data-id=\"aa0cf0e\" data-element_type=\"column\">\n\t\t\t<div class=\"elementor-widget-wrap elementor-element-populated\">\n\t\t\t\t\t\t\t\t<div class=\"elementor-element elementor-element-e3924ef elementor-widget elementor-widget-parallaximagewithbox\" data-id=\"e3924ef\" data-element_type=\"widget\" data-widget_type=\"parallaximagewithbox.default\">\n\t\t\t\t<div class=\"elementor-widget-container\">\n\t\t\t\n\n    <div class=\"box-seat box-seat-full  \" >\n        <div class=\"container-fluid\">\n\n            <div class=\"inner-img\" data-dsn-grid=\"move-up\"\n                 data-overlay=\"0\"\n                 >\n\n                <img decoding=\"async\" width=\"2000\" height=\"1333\" src=\"https:\/\/maryasa.com\/wp-content\/uploads\/servicos-maryasa-transformacao-de-plasticos-moldes.jpg\" class=\"attachment-full size-full\" alt=\"\" data-dsn-scale=\"1\" data-dsn-y=\"30%\" style=\"transform: scale(1.3);\" srcset=\"https:\/\/maryasa.com\/wp-content\/uploads\/servicos-maryasa-transformacao-de-plasticos-moldes.jpg 2000w, https:\/\/maryasa.com\/wp-content\/uploads\/servicos-maryasa-transformacao-de-plasticos-moldes-300x200.jpg 300w, https:\/\/maryasa.com\/wp-content\/uploads\/servicos-maryasa-transformacao-de-plasticos-moldes-1024x682.jpg 1024w, https:\/\/maryasa.com\/wp-content\/uploads\/servicos-maryasa-transformacao-de-plasticos-moldes-768x512.jpg 768w, https:\/\/maryasa.com\/wp-content\/uploads\/servicos-maryasa-transformacao-de-plasticos-moldes-1536x1024.jpg 1536w, https:\/\/maryasa.com\/wp-content\/uploads\/servicos-maryasa-transformacao-de-plasticos-moldes-1240x826.jpg 1240w, https:\/\/maryasa.com\/wp-content\/uploads\/servicos-maryasa-transformacao-de-plasticos-moldes-880x587.jpg 880w\" sizes=\"(max-width: 2000px) 100vw, 2000px\" \/>            <\/div>\n\n            <div class=\"pro-text\" >\n                                <h3 data-dsn-animate=up>DO YOU KNOW<br>OUR SERVICES?<\/h3><p class=\"span-small\" data-dsn-animate=up>We are able to provide turnkey projects, supporting and accompanying each phase of the project, with a policy that is always customer-oriented.<br><br>We are pledge and committed throughout the entire process, from manufacturing, through quality, maintenance and product development.<\/p>                    <div class=\"link-custom\" data-dsn-animate=\"up\">\n                        <a class=\"image-zoom effect-ajax\" href=\"\/en\/services\"\n                           data-dsn=\"parallax\">\n                            <span>All Services<\/span>\n                        <\/a>\n                    <\/div>\n                            <\/div>\n        <\/div>\n    <\/div>\n\n\n\t\t<\/div>\n\t\t\t\t<\/div>\n\t\t\t\t\t<\/div>\n\t\t<\/div>\n\t\t\t\t\t\t\t<\/div>\n\t\t<\/section>\n\t\t\t\t<section class=\"elementor-section elementor-top-section elementor-element elementor-element-2df55f7 section-margin elementor-section-boxed elementor-section-height-default elementor-section-height-default\" data-id=\"2df55f7\" data-element_type=\"section\">\n\t\t\t\t\t\t<div class=\"elementor-container elementor-column-gap-no\">\n\t\t\t\t\t<div class=\"elementor-column elementor-col-100 elementor-top-column elementor-element elementor-element-61a2f9e\" data-id=\"61a2f9e\" data-element_type=\"column\">\n\t\t\t<div class=\"elementor-widget-wrap elementor-element-populated\">\n\t\t\t\t\t\t\t\t<div class=\"elementor-element elementor-element-f5c626d text-center elementor-widget elementor-widget-dsn-service\" data-id=\"f5c626d\" data-element_type=\"widget\" data-widget_type=\"dsn-service.default\">\n\t\t\t\t<div class=\"elementor-widget-container\">\n\t\t\t    <section\n            class=\"our-services-2  \" >\n        <div class=\"container-fluid\">\n            <div class=\"one-title\"><div class=\"title-sub-container\"><p class=\"title-sub\" >About us<\/p><\/div><h2 class=\"title-main\" >About Maryasa<\/h2><\/div>\n\n            <div class=\"row\">\n                                        <div class=\"col-md-4\">\n                            <div class=\"services-item\">\n                                <div class=\"corner corner-top\"><\/div>\n                                <div class=\"corner corner-bottom\"><\/div>\n                                <div class=\"icon\" ><img decoding=\"async\" width=\"148\" height=\"150\" src=\"https:\/\/maryasa.com\/wp-content\/uploads\/icon-missao-maryasa-industria.png\" class=\"attachment-thumbnail size-thumbnail\" alt=\"\" \/><\/div><div class=\"services-header\"><h3 data-dsn-animate=\"up\">MISSION<\/h3><\/div><p data-dsn-animate=\"text\">Develop and produce plastic components for the industrial sector, providing quality services at competitive prices.<\/p>\n                            <\/div>\n                        <\/div>\n                                            <div class=\"col-md-4\">\n                            <div class=\"services-item\">\n                                <div class=\"corner corner-top\"><\/div>\n                                <div class=\"corner corner-bottom\"><\/div>\n                                <div class=\"icon\" ><img decoding=\"async\" width=\"148\" height=\"150\" src=\"https:\/\/maryasa.com\/wp-content\/uploads\/icon-visao-maryasa-industria.png\" class=\"attachment-thumbnail size-thumbnail\" alt=\"\" \/><\/div><div class=\"services-header\"><h3 data-dsn-animate=\"up\">VISION<\/h3><\/div><p data-dsn-animate=\"text\">To be a reference company in the plastics transformation sector for its technical capacity, innovation and quality.<\/p>\n                            <\/div>\n                        <\/div>\n                                            <div class=\"col-md-4\">\n                            <div class=\"services-item\">\n                                <div class=\"corner corner-top\"><\/div>\n                                <div class=\"corner corner-bottom\"><\/div>\n                                <div class=\"icon\" ><img decoding=\"async\" width=\"148\" height=\"150\" src=\"https:\/\/maryasa.com\/wp-content\/uploads\/icon-valores-maryasa-industria.png\" class=\"attachment-thumbnail size-thumbnail\" alt=\"\" \/><\/div><div class=\"services-header\"><h3 data-dsn-animate=\"up\">VALUES<\/h3><\/div><p data-dsn-animate=\"text\">We are a young and dynamic team, so we strive for quality service combined with knowledge and dedication.<\/p>\n                            <\/div>\n                        <\/div>\n                                <\/div>\n        <\/div>\n    <\/section>\n\t\t<\/div>\n\t\t\t\t<\/div>\n\t\t\t\t\t<\/div>\n\t\t<\/div>\n\t\t\t\t\t\t\t<\/div>\n\t\t<\/section>\n\t\t\t\t\t\t\t<\/div>\n\t\t","protected":false},"excerpt":{"rendered":"<p>Official representation Projects by Maryasa AKIPLASTPolycarbonate Tableware Ver mais + Muzzi CyclesEco Bike Ver mais + Servi\u00e7os, Servi\u00e7os, Servi\u00e7os ServicesCompetitive Prices Ver mais + Introduction, Maryasa Founded in 2012, Maryasa is a company that has a qualified and familiarized team with the most diverse types of materials, equipment and processes, guaranteeing the offer of a [&hellip;]<\/p>\n","protected":false},"author":1,"featured_media":0,"parent":0,"menu_order":0,"comment_status":"closed","ping_status":"closed","template":"page-slider.php","meta":{"_mi_skip_tracking":false,"footnotes":""},"class_list":["post-1975","page","type-page","status-publish","hentry","dsn-layout-none"],"acf":[],"_links":{"self":[{"href":"https:\/\/maryasa.com\/en\/wp-json\/wp\/v2\/pages\/1975","targetHints":{"allow":["GET"]}}],"collection":[{"href":"https:\/\/maryasa.com\/en\/wp-json\/wp\/v2\/pages"}],"about":[{"href":"https:\/\/maryasa.com\/en\/wp-json\/wp\/v2\/types\/page"}],"author":[{"embeddable":true,"href":"https:\/\/maryasa.com\/en\/wp-json\/wp\/v2\/users\/1"}],"replies":[{"embeddable":true,"href":"https:\/\/maryasa.com\/en\/wp-json\/wp\/v2\/comments?post=1975"}],"version-history":[{"count":177,"href":"https:\/\/maryasa.com\/en\/wp-json\/wp\/v2\/pages\/1975\/revisions"}],"predecessor-version":[{"id":3115,"href":"https:\/\/maryasa.com\/en\/wp-json\/wp\/v2\/pages\/1975\/revisions\/3115"}],"wp:attachment":[{"href":"https:\/\/maryasa.com\/en\/wp-json\/wp\/v2\/media?parent=1975"}],"curies":[{"name":"wp","href":"https:\/\/api.w.org\/{rel}","templated":true}]}}